{"id":61,"date":"2026-04-15T15:53:24","date_gmt":"2026-04-15T15:53:24","guid":{"rendered":"https:\/\/copesveikals.me\/?post_type=product&#038;p=61"},"modified":"2026-04-15T15:53:25","modified_gmt":"2026-04-15T15:53:25","slug":"katran-lead-core-piton","status":"publish","type":"product","link":"https:\/\/copesveikals.me\/index.php\/product\/katran-lead-core-piton\/","title":{"rendered":"Katran Lead core PITON"},"content":{"rendered":"<p><strong>Piton<\/strong>\u00a0ir smags tinumvira l\u012bderis, kas ir neaizvietojams mak\u0161\u0137er\u0113\u0161an\u0101 s\u016bnu viet\u0101s, ta\u010du tas ir ar\u012b piem\u0113rots lieto\u0161anai atkl\u0101t\u0101 \u016bden\u012b, kur sl\u0113p\u0161an\u0101s ir atsl\u0113ga uz pan\u0101kumiem.<\/p>\n<p>Nepiecie\u0161amas nek\u0101das toksiskas vielas, kodols izgatavots no tinuma materi\u0101liem, tas ir piln\u012bgi dro\u0161s ziv\u012bm. Poliestera p\u0101rkl\u0101t\u0101 iek\u0161puse, kas ap\u0146emta ar m\u016bsu premium auklu mais\u012bjumu, padara\u00a0<strong>Piton<\/strong>\u00a0izcilas kvalit\u0101tes, \u012bpa\u0161i starp saviem vienaud\u017eiem. Pieejami da\u017e\u0101di kr\u0101su kombin\u0101cijas, lai nodro\u0161in\u0101tu maksim\u0101lu sl\u0113p\u0161anos.<\/p>\n<ul data-rte-list=\"true\">\n<li>Nav toksisku svina materi\u0101lu<\/li>\n<li>Kr\u0101su saska\u0146o\u0161ana<\/li>\n<li>Anti-abraz\u012bvs<\/li>\n<li>Viegli savienojams<\/li>\n<li>\u013boti iztur\u012bgs<\/li>\n<li>Anti-tangl\u012bgs<\/li>\n<\/ul>\n","protected":false},"excerpt":{"rendered":"<p><strong>Piton<\/strong>\u00a0ir smags tinumvira l\u012bderis, kas ir neaizvietojams mak\u0161\u0137er\u0113\u0161an\u0101 s\u016bnu viet\u0101s, ta\u010du tas ir ar\u012b piem\u0113rots lieto\u0161anai atkl\u0101t\u0101 \u016bden\u012b, kur sl\u0113p\u0161an\u0101s ir atsl\u0113ga uz pan\u0101kumiem.<\/p>\n","protected":false},"featured_media":62,"comment_status":"open","ping_status":"closed","template":"","meta":[],"product_brand":[],"product_cat":[15],"product_tag":[],"class_list":{"0":"post-61","1":"product","2":"type-product","3":"status-publish","4":"has-post-thumbnail","6":"product_cat-uncategorized","8":"first","9":"instock","10":"taxable","11":"shipping-taxable","12":"purchasable","13":"product-type-simple"},"_links":{"self":[{"href":"https:\/\/copesveikals.me\/index.php\/wp-json\/wp\/v2\/product\/61","targetHints":{"allow":["GET"]}}],"collection":[{"href":"https:\/\/copesveikals.me\/index.php\/wp-json\/wp\/v2\/product"}],"about":[{"href":"https:\/\/copesveikals.me\/index.php\/wp-json\/wp\/v2\/types\/product"}],"replies":[{"embeddable":true,"href":"https:\/\/copesveikals.me\/index.php\/wp-json\/wp\/v2\/comments?post=61"}],"wp:featuredmedia":[{"embeddable":true,"href":"https:\/\/copesveikals.me\/index.php\/wp-json\/wp\/v2\/media\/62"}],"wp:attachment":[{"href":"https:\/\/copesveikals.me\/index.php\/wp-json\/wp\/v2\/media?parent=61"}],"wp:term":[{"taxonomy":"product_brand","embeddable":true,"href":"https:\/\/copesveikals.me\/index.php\/wp-json\/wp\/v2\/product_brand?post=61"},{"taxonomy":"product_cat","embeddable":true,"href":"https:\/\/copesveikals.me\/index.php\/wp-json\/wp\/v2\/product_cat?post=61"},{"taxonomy":"product_tag","embeddable":true,"href":"https:\/\/copesveikals.me\/index.php\/wp-json\/wp\/v2\/product_tag?post=61"}],"curies":[{"name":"wp","href":"https:\/\/api.w.org\/{rel}","templated":true}]}}