{"id":59,"date":"2026-04-15T15:52:13","date_gmt":"2026-04-15T15:52:13","guid":{"rendered":"https:\/\/copesveikals.me\/?post_type=product&#038;p=59"},"modified":"2026-04-15T15:52:13","modified_gmt":"2026-04-15T15:52:13","slug":"akara-expierence-carp3x","status":"publish","type":"product","link":"https:\/\/copesveikals.me\/index.php\/product\/akara-expierence-carp3x\/","title":{"rendered":"AKARA Expierence Carp3X"},"content":{"rendered":"<p class=\"\" data-start=\"0\" data-end=\"278\">Mak\u0161\u0137ere AKARA Expierence Carp3X\u00a0ir\u00a0jaud\u012bga un iztur\u012bga karpu mak\u0161\u0137ere, kas paredz\u0113ta gan ies\u0101c\u0113jiem, gan pieredz\u0113ju\u0161iem mak\u0161\u0137erniekiem. T\u0101 nodro\u0161ina lielisku kontroli un sp\u0113ku c\u012b\u0146\u0101 ar liel\u0101m ziv\u012bm, pateicoties augstas kvalit\u0101tes materi\u0101liem un tr\u012bsda\u013c\u012bgajam dizainam.<\/p>\n<p>&nbsp;<\/p>\n<ul>\n<li>Garums:\u00a03.9 m<\/li>\n<li>Testa diapazons:\u00a0L\u012bdz 1.8 kg<\/li>\n<li>Sada\u013cu skaits:\u00a03<\/li>\n<\/ul>\n","protected":false},"excerpt":{"rendered":"<p>Mak\u0161\u0137ere AKARA Expierence Carp3X\u00a0ir\u00a0jaud\u012bga un iztur\u012bga karpu mak\u0161\u0137ere, kas paredz\u0113ta gan ies\u0101c\u0113jiem, gan pieredz\u0113ju\u0161iem mak\u0161\u0137erniekiem. T\u0101 nodro\u0161ina lielisku kontroli un sp\u0113ku c\u012b\u0146\u0101 ar liel\u0101m ziv\u012bm, pateicoties augstas kvalit\u0101tes materi\u0101liem un tr\u012bsda\u013c\u012bgajam dizainam.<\/p>\n","protected":false},"featured_media":60,"comment_status":"open","ping_status":"closed","template":"","meta":[],"product_brand":[],"product_cat":[15],"product_tag":[],"class_list":{"0":"post-59","1":"product","2":"type-product","3":"status-publish","4":"has-post-thumbnail","6":"product_cat-uncategorized","8":"first","9":"instock","10":"taxable","11":"shipping-taxable","12":"purchasable","13":"product-type-simple"},"_links":{"self":[{"href":"https:\/\/copesveikals.me\/index.php\/wp-json\/wp\/v2\/product\/59","targetHints":{"allow":["GET"]}}],"collection":[{"href":"https:\/\/copesveikals.me\/index.php\/wp-json\/wp\/v2\/product"}],"about":[{"href":"https:\/\/copesveikals.me\/index.php\/wp-json\/wp\/v2\/types\/product"}],"replies":[{"embeddable":true,"href":"https:\/\/copesveikals.me\/index.php\/wp-json\/wp\/v2\/comments?post=59"}],"wp:featuredmedia":[{"embeddable":true,"href":"https:\/\/copesveikals.me\/index.php\/wp-json\/wp\/v2\/media\/60"}],"wp:attachment":[{"href":"https:\/\/copesveikals.me\/index.php\/wp-json\/wp\/v2\/media?parent=59"}],"wp:term":[{"taxonomy":"product_brand","embeddable":true,"href":"https:\/\/copesveikals.me\/index.php\/wp-json\/wp\/v2\/product_brand?post=59"},{"taxonomy":"product_cat","embeddable":true,"href":"https:\/\/copesveikals.me\/index.php\/wp-json\/wp\/v2\/product_cat?post=59"},{"taxonomy":"product_tag","embeddable":true,"href":"https:\/\/copesveikals.me\/index.php\/wp-json\/wp\/v2\/product_tag?post=59"}],"curies":[{"name":"wp","href":"https:\/\/api.w.org\/{rel}","templated":true}]}}