{"id":57,"date":"2026-04-15T15:51:13","date_gmt":"2026-04-15T15:51:13","guid":{"rendered":"https:\/\/copesveikals.me\/?post_type=product&#038;p=57"},"modified":"2026-04-15T15:51:39","modified_gmt":"2026-04-15T15:51:39","slug":"nutrabaits-trigga-pineapple-n-butyric-acid-shelf-life-boilies","status":"publish","type":"product","link":"https:\/\/copesveikals.me\/index.php\/product\/nutrabaits-trigga-pineapple-n-butyric-acid-shelf-life-boilies\/","title":{"rendered":"Nutrabaits Trigga: Pineapple &#038; N-Butyric Acid SHELF-LIFE BOILIES"},"content":{"rendered":"<p>\u0160\u012bs gatav\u0101s boilas ir balst\u012btas uz slaveno Trigga plauktiztur\u012bgo b\u0101zes mais\u012bjumu un papildin\u0101tas ar optim\u0101l\u0101m dev\u0101m dabai identiska anan\u0101sa arom\u0101ta, N-but\u0101nsk\u0101bes, k\u0101 ar\u012b bag\u0101t\u012bgu daudzumu za\u013c\u0101s gliemenes (Green Lipped Mussel) ekstrakta. \u0160\u012b pievilc\u012bgo vielu kombin\u0101cija nodro\u0161ina izcilu efektivit\u0101ti gan \u012bstermi\u0146\u0101, gan ilgtermi\u0146\u0101, nezaud\u0113jot savu pievilc\u012bbu laika gait\u0101. Daudzi no Nutrabaits komandas mak\u0161\u0137erniekiem, kas jau vair\u0101kus gadus izmanto \u0161o b\u0101zes mais\u012bjumu da\u017e\u0101d\u0101s form\u0101s, uzskata to par efekt\u012bv\u0101ko \u0113smas kombin\u0101ciju, k\u0101da jebkad lietota. T\u0101pat k\u0101 vis\u0101s Nutrabaits plauktiztur\u012bgaj\u0101s s\u0113rij\u0101s, ar\u012b \u0161eit izmantoti tikai augst\u0101k\u0101s kvalit\u0101tes p\u0101rtikas kategorijas konservanti, nodro\u0161inot augstu kvalit\u0101ti un uzticam\u012bbu katr\u0101 iepakojum\u0101.<\/p>\n","protected":false},"excerpt":{"rendered":"<p>\u0160\u012bs gatav\u0101s boilas ir balst\u012btas uz slaveno Trigga plauktiztur\u012bgo b\u0101zes mais\u012bjumu un papildin\u0101tas ar optim\u0101l\u0101m dev\u0101m dabai identiska anan\u0101sa arom\u0101ta, N-but\u0101nsk\u0101bes, k\u0101 ar\u012b bag\u0101t\u012bgu daudzumu za\u013c\u0101s gliemenes ekstrakta.<\/p>\n","protected":false},"featured_media":58,"comment_status":"open","ping_status":"closed","template":"","meta":[],"product_brand":[],"product_cat":[15],"product_tag":[],"class_list":{"0":"post-57","1":"product","2":"type-product","3":"status-publish","4":"has-post-thumbnail","6":"product_cat-uncategorized","8":"first","9":"instock","10":"taxable","11":"shipping-taxable","12":"purchasable","13":"product-type-simple"},"_links":{"self":[{"href":"https:\/\/copesveikals.me\/index.php\/wp-json\/wp\/v2\/product\/57","targetHints":{"allow":["GET"]}}],"collection":[{"href":"https:\/\/copesveikals.me\/index.php\/wp-json\/wp\/v2\/product"}],"about":[{"href":"https:\/\/copesveikals.me\/index.php\/wp-json\/wp\/v2\/types\/product"}],"replies":[{"embeddable":true,"href":"https:\/\/copesveikals.me\/index.php\/wp-json\/wp\/v2\/comments?post=57"}],"wp:featuredmedia":[{"embeddable":true,"href":"https:\/\/copesveikals.me\/index.php\/wp-json\/wp\/v2\/media\/58"}],"wp:attachment":[{"href":"https:\/\/copesveikals.me\/index.php\/wp-json\/wp\/v2\/media?parent=57"}],"wp:term":[{"taxonomy":"product_brand","embeddable":true,"href":"https:\/\/copesveikals.me\/index.php\/wp-json\/wp\/v2\/product_brand?post=57"},{"taxonomy":"product_cat","embeddable":true,"href":"https:\/\/copesveikals.me\/index.php\/wp-json\/wp\/v2\/product_cat?post=57"},{"taxonomy":"product_tag","embeddable":true,"href":"https:\/\/copesveikals.me\/index.php\/wp-json\/wp\/v2\/product_tag?post=57"}],"curies":[{"name":"wp","href":"https:\/\/api.w.org\/{rel}","templated":true}]}}