{"id":55,"date":"2026-04-15T15:50:20","date_gmt":"2026-04-15T15:50:20","guid":{"rendered":"https:\/\/copesveikals.me\/?post_type=product&#038;p=55"},"modified":"2026-04-15T15:50:21","modified_gmt":"2026-04-15T15:50:21","slug":"dudi-bait-boilas-forest-squid","status":"publish","type":"product","link":"https:\/\/copesveikals.me\/index.php\/product\/dudi-bait-boilas-forest-squid\/","title":{"rendered":"DUDI BAIT boilas \u201cFOREST SQUID\u201d"},"content":{"rendered":"<h2 data-path-to-node=\"2\">Boilas Forest Squid (Me\u017ea Kalm\u0101rs) \u2013 Dudi Bait<\/h2>\n<p data-path-to-node=\"3\">\u0160\u012bs boilas ir nekas cits k\u0101 pilnv\u0113rt\u012bga bar\u012bba karp\u0101m, glu\u017ei k\u0101 ikdienas bar\u012bba, ta\u010du papildin\u0101ta ar augstv\u0113rt\u012bg\u0101m atrakt\u012bv\u0101m sast\u0101vda\u013c\u0101m, kas \u013cauj ziv\u012bm t\u0101s paman\u012bt \u013coti \u0101tri.<\/p>\n<p data-path-to-node=\"4\"><b data-path-to-node=\"4\" data-index-in-node=\"0\">Sast\u0101vs un \u012bpa\u0161\u012bbas:<\/b><\/p>\n<ul data-path-to-node=\"5\">\n<li>\n<p data-path-to-node=\"5,0,0\"><b data-path-to-node=\"5,0,0\" data-index-in-node=\"0\">Mais\u012bjums:<\/b>\u00a0Sast\u0101v no zivju miltiem, dz\u012bvnieku izcelsmes miltiem (iz\u0146emot zivju), piena prote\u012bniem, putraimiem, d\u012bg\u013ciem, graudaugu miltiem, putnu s\u0113kl\u0101m un cit\u0101m putnu bar\u012bbas sast\u0101vda\u013c\u0101m.<\/p>\n<\/li>\n<li>\n<p data-path-to-node=\"5,1,0\"><b data-path-to-node=\"5,1,0\" data-index-in-node=\"0\">Arom\u0101ts:<\/b>\u00a0Satur d\u0101snu\u00a0<b data-path-to-node=\"5,1,0\" data-index-in-node=\"21\">Squid (kalm\u0101ra)<\/b>\u00a0arom\u0101ta devu apvienojum\u0101 ar\u00a0<b data-path-to-node=\"5,1,0\" data-index-in-node=\"65\">me\u017ea og\u0101m<\/b>, plus pla\u0161u kl\u0101stu uzturviel\u0101m bag\u0101tu un piesaisto\u0161u \u0161\u0137idro piedevu (likv\u012bdu).<\/p>\n<\/li>\n<li>\n<p data-path-to-node=\"5,2,0\"><b data-path-to-node=\"5,2,0\" data-index-in-node=\"0\">Kvalit\u0101te:<\/b>\u00a0Pa\u0161tais\u012btu (<i data-path-to-node=\"5,2,0\" data-index-in-node=\"23\">home-made<\/i>) boilu kvalit\u0101te par gatav\u0101s produkcijas cenu.<\/p>\n<\/li>\n<li>\n<p data-path-to-node=\"5,3,0\"><b data-path-to-node=\"5,3,0\" data-index-in-node=\"0\">Piel\u0101gojam\u012bba:<\/b>\u00a0Veicot iepriek\u0161\u0113ju pas\u016bt\u012bjumu, ir iesp\u0113jams izgatavot jebkura diametra boilas.<\/p>\n<\/li>\n<\/ul>\n<p data-path-to-node=\"8\">T\u0101 k\u0101\u00a0<b data-path-to-node=\"8\" data-index-in-node=\"6\">Dudi Bait<\/b>\u00a0ir \u013coti popul\u0101rs ra\u017eot\u0101js (\u012bpa\u0161i Rum\u0101nij\u0101), vi\u0146i sav\u0101 sortiment\u0101 bie\u017ei skaidri nodala:<\/p>\n<ol start=\"1\" data-path-to-node=\"9\">\n<li>\n<p data-path-to-node=\"9,0,0\"><b data-path-to-node=\"9,0,0\" data-index-in-node=\"0\">Solubile<\/b>\u00a0(\u0160\u0137\u012bsto\u0161\u0101s) \u2013 t\u0101s, kuras \u016bden\u012b \u0101tri iz\u0161\u0137\u012bst.<\/p>\n<\/li>\n<li>\n<p data-path-to-node=\"9,1,0\"><b data-path-to-node=\"9,1,0\" data-index-in-node=\"0\">Tari<\/b>\u00a0(Ciet\u0101s\/V\u0101r\u012bt\u0101s) \u2013 paredz\u0113tas ilgsto\u0161ai baro\u0161anai un zivju notur\u0113\u0161anai punkt\u0101.<\/p>\n<\/li>\n<\/ol>\n","protected":false},"excerpt":{"rendered":"<p>\u0160\u012bs boilas ir nekas cits k\u0101 pilnv\u0113rt\u012bga bar\u012bba karp\u0101m, glu\u017ei k\u0101 ikdienas bar\u012bba, ta\u010du papildin\u0101ta ar augstv\u0113rt\u012bg\u0101m atrakt\u012bv\u0101m sast\u0101vda\u013c\u0101m, kas \u013cauj ziv\u012bm t\u0101s paman\u012bt \u013coti \u0101tri.<\/p>\n","protected":false},"featured_media":56,"comment_status":"open","ping_status":"closed","template":"","meta":[],"product_brand":[],"product_cat":[15],"product_tag":[],"class_list":{"0":"post-55","1":"product","2":"type-product","3":"status-publish","4":"has-post-thumbnail","6":"product_cat-uncategorized","8":"first","9":"instock","10":"taxable","11":"shipping-taxable","12":"purchasable","13":"product-type-simple"},"_links":{"self":[{"href":"https:\/\/copesveikals.me\/index.php\/wp-json\/wp\/v2\/product\/55","targetHints":{"allow":["GET"]}}],"collection":[{"href":"https:\/\/copesveikals.me\/index.php\/wp-json\/wp\/v2\/product"}],"about":[{"href":"https:\/\/copesveikals.me\/index.php\/wp-json\/wp\/v2\/types\/product"}],"replies":[{"embeddable":true,"href":"https:\/\/copesveikals.me\/index.php\/wp-json\/wp\/v2\/comments?post=55"}],"wp:featuredmedia":[{"embeddable":true,"href":"https:\/\/copesveikals.me\/index.php\/wp-json\/wp\/v2\/media\/56"}],"wp:attachment":[{"href":"https:\/\/copesveikals.me\/index.php\/wp-json\/wp\/v2\/media?parent=55"}],"wp:term":[{"taxonomy":"product_brand","embeddable":true,"href":"https:\/\/copesveikals.me\/index.php\/wp-json\/wp\/v2\/product_brand?post=55"},{"taxonomy":"product_cat","embeddable":true,"href":"https:\/\/copesveikals.me\/index.php\/wp-json\/wp\/v2\/product_cat?post=55"},{"taxonomy":"product_tag","embeddable":true,"href":"https:\/\/copesveikals.me\/index.php\/wp-json\/wp\/v2\/product_tag?post=55"}],"curies":[{"name":"wp","href":"https:\/\/api.w.org\/{rel}","templated":true}]}}