{"id":51,"date":"2026-04-15T15:46:44","date_gmt":"2026-04-15T15:46:44","guid":{"rendered":"https:\/\/copesveikals.me\/?post_type=product&#038;p=51"},"modified":"2026-04-15T15:49:21","modified_gmt":"2026-04-15T15:49:21","slug":"aka-boilas-mister-red-super-hot-glazetas","status":"publish","type":"product","link":"https:\/\/copesveikals.me\/index.php\/product\/aka-boilas-mister-red-super-hot-glazetas\/","title":{"rendered":"\u0100\u0137a boilas \u201cMister Red Super Hot\u201d Glaz\u0113tas"},"content":{"rendered":"<h2 data-path-to-node=\"2\"><b data-path-to-node=\"2\" data-index-in-node=\"0\"><img loading=\"lazy\" decoding=\"async\" class=\"alignnone size-medium wp-image-52\" src=\"https:\/\/copesveikals.me\/wp-content\/uploads\/2026\/04\/dudibaitsuperhotglazuratenou-scaled-1-300x225.jpg\" alt=\"\" width=\"300\" height=\"225\" srcset=\"https:\/\/copesveikals.me\/wp-content\/uploads\/2026\/04\/dudibaitsuperhotglazuratenou-scaled-1-300x225.jpg 300w, https:\/\/copesveikals.me\/wp-content\/uploads\/2026\/04\/dudibaitsuperhotglazuratenou-scaled-1-1024x768.jpg 1024w, https:\/\/copesveikals.me\/wp-content\/uploads\/2026\/04\/dudibaitsuperhotglazuratenou-scaled-1-768x576.jpg 768w, https:\/\/copesveikals.me\/wp-content\/uploads\/2026\/04\/dudibaitsuperhotglazuratenou-scaled-1-1536x1152.jpg 1536w, https:\/\/copesveikals.me\/wp-content\/uploads\/2026\/04\/dudibaitsuperhotglazuratenou-scaled-1-2048x1536.jpg 2048w, https:\/\/copesveikals.me\/wp-content\/uploads\/2026\/04\/dudibaitsuperhotglazuratenou-scaled-1-600x450.jpg 600w\" sizes=\"auto, (max-width: 300px) 100vw, 300px\" \/>HookBaits Mister Red Super Hot \u201cGlazed Boilies\u201d (Glaz\u0113t\u0101s boilas)<\/b><\/h2>\n<p data-path-to-node=\"3\"><b data-path-to-node=\"3\" data-index-in-node=\"0\">\u201cGlazed boilies\u201d<\/b>\u00a0ir \u012bpa\u0161i augstas pievilktsp\u0113jas \u0101\u0137a boilas. To \u201cglaz\u016bra\u201d ir atraktantu garoza, kas piln\u012bb\u0101 ap\u0146em boilu.<\/p>\n<p data-path-to-node=\"4\">\u0160\u012bs ir\u00a0<b data-path-to-node=\"4\" data-index-in-node=\"7\">\u201c\u0101tr\u0101k\u0101s\u201d boilas<\/b>, kas s\u0101k str\u0101d\u0101t nekav\u0113joties. To rad\u012btais pievilk\u0161anas sign\u0101ls izplat\u0101s gan horizont\u0101li, gan vertik\u0101li, piesaistot zivis, kas atrodas ar\u012b aug\u0161\u0113jos \u016bdens sl\u0101\u0146os.<\/p>\n<ul data-path-to-node=\"5\">\n<li>\n<p data-path-to-node=\"5,0,0\"><b data-path-to-node=\"5,0,0\" data-index-in-node=\"0\">\u012apa\u0161\u012bbas:<\/b>\u00a0Eksploz\u012bva atraktivit\u0101te un t\u016bl\u012bt\u0113ja iedarb\u012bba visos \u016bdens sl\u0101\u0146os.<\/p>\n<\/li>\n<li>\n<p data-path-to-node=\"5,1,0\"><b data-path-to-node=\"5,1,0\" data-index-in-node=\"0\">Piel\u0101go\u0161ana:<\/b>\u00a0P\u0113c iepriek\u0161\u0113ja pas\u016bt\u012bjuma iesp\u0113jams izgatavot jebkura izm\u0113ra boilas.<\/p>\n<\/li>\n<li>\n<p data-path-to-node=\"5,2,0\"><b data-path-to-node=\"5,2,0\" data-index-in-node=\"0\">Daudzums:<\/b>\u00a0100 g<\/p>\n<\/li>\n<\/ul>\n","protected":false},"excerpt":{"rendered":"<p><b data-path-to-node=\"3\" data-index-in-node=\"0\">\u201cGlazed boilies\u201d<\/b>\u00a0ir \u012bpa\u0161i augstas pievilktsp\u0113jas \u0101\u0137a boilas. To \u201cglaz\u016bra\u201d ir atraktantu garoza, kas piln\u012bb\u0101 ap\u0146em boilu.<\/p>\n","protected":false},"featured_media":52,"comment_status":"open","ping_status":"closed","template":"","meta":[],"product_brand":[],"product_cat":[15],"product_tag":[],"class_list":{"0":"post-51","1":"product","2":"type-product","3":"status-publish","4":"has-post-thumbnail","6":"product_cat-uncategorized","8":"first","9":"instock","10":"taxable","11":"shipping-taxable","12":"purchasable","13":"product-type-simple"},"_links":{"self":[{"href":"https:\/\/copesveikals.me\/index.php\/wp-json\/wp\/v2\/product\/51","targetHints":{"allow":["GET"]}}],"collection":[{"href":"https:\/\/copesveikals.me\/index.php\/wp-json\/wp\/v2\/product"}],"about":[{"href":"https:\/\/copesveikals.me\/index.php\/wp-json\/wp\/v2\/types\/product"}],"replies":[{"embeddable":true,"href":"https:\/\/copesveikals.me\/index.php\/wp-json\/wp\/v2\/comments?post=51"}],"wp:featuredmedia":[{"embeddable":true,"href":"https:\/\/copesveikals.me\/index.php\/wp-json\/wp\/v2\/media\/52"}],"wp:attachment":[{"href":"https:\/\/copesveikals.me\/index.php\/wp-json\/wp\/v2\/media?parent=51"}],"wp:term":[{"taxonomy":"product_brand","embeddable":true,"href":"https:\/\/copesveikals.me\/index.php\/wp-json\/wp\/v2\/product_brand?post=51"},{"taxonomy":"product_cat","embeddable":true,"href":"https:\/\/copesveikals.me\/index.php\/wp-json\/wp\/v2\/product_cat?post=51"},{"taxonomy":"product_tag","embeddable":true,"href":"https:\/\/copesveikals.me\/index.php\/wp-json\/wp\/v2\/product_tag?post=51"}],"curies":[{"name":"wp","href":"https:\/\/api.w.org\/{rel}","templated":true}]}}