{"id":13,"date":"2026-04-15T11:52:38","date_gmt":"2026-04-15T11:52:38","guid":{"rendered":"https:\/\/copesveikals.me\/?post_type=product&#038;p=13"},"modified":"2026-04-15T11:55:47","modified_gmt":"2026-04-15T11:55:47","slug":"aka-boilas-forest-squid-karamele","status":"publish","type":"product","link":"https:\/\/copesveikals.me\/index.php\/product\/aka-boilas-forest-squid-karamele\/","title":{"rendered":"\u0100\u0137a boilas \u201cForest Squid\u201d karamele"},"content":{"rendered":"<p><b data-path-to-node=\"3\" data-index-in-node=\"0\">\u201cGlugged boilies\u201d<\/b>\u00a0ir \u0101\u0137a boilas ar pastiprin\u0101tu pievilktsp\u0113ju un elast\u012bgu, lip\u012bgu tekst\u016bru. T\u0101s ir dzi\u013ci izm\u0113rc\u0113tas \u0161\u0137idraj\u0101 atraktant\u0101 (glug\u0101), kas nodro\u0161ina ilgsto\u0161u un intens\u012bvu smar\u017eas izdal\u012b\u0161anos \u016bden\u012b.<\/p>\n","protected":false},"excerpt":{"rendered":"<p>\u201cGlugged boilies\u201d\u00a0ir \u0101\u0137a boilas ar pastiprin\u0101tu pievilktsp\u0113ju un elast\u012bgu, lip\u012bgu tekst\u016bru. T\u0101s ir dzi\u013ci izm\u0113rc\u0113tas \u0161\u0137idraj\u0101 atraktant\u0101 (glug\u0101), kas nodro\u0161ina ilgsto\u0161u un intens\u012bvu smar\u017eas izdal\u012b\u0161anos \u016bden\u012b.<\/p>\n","protected":false},"featured_media":14,"comment_status":"open","ping_status":"closed","template":"","meta":[],"product_brand":[],"product_cat":[15],"product_tag":[16],"class_list":{"0":"post-13","1":"product","2":"type-product","3":"status-publish","4":"has-post-thumbnail","6":"product_cat-uncategorized","7":"product_tag-boilas","9":"first","10":"instock","11":"taxable","12":"shipping-taxable","13":"purchasable","14":"product-type-simple"},"_links":{"self":[{"href":"https:\/\/copesveikals.me\/index.php\/wp-json\/wp\/v2\/product\/13","targetHints":{"allow":["GET"]}}],"collection":[{"href":"https:\/\/copesveikals.me\/index.php\/wp-json\/wp\/v2\/product"}],"about":[{"href":"https:\/\/copesveikals.me\/index.php\/wp-json\/wp\/v2\/types\/product"}],"replies":[{"embeddable":true,"href":"https:\/\/copesveikals.me\/index.php\/wp-json\/wp\/v2\/comments?post=13"}],"wp:featuredmedia":[{"embeddable":true,"href":"https:\/\/copesveikals.me\/index.php\/wp-json\/wp\/v2\/media\/14"}],"wp:attachment":[{"href":"https:\/\/copesveikals.me\/index.php\/wp-json\/wp\/v2\/media?parent=13"}],"wp:term":[{"taxonomy":"product_brand","embeddable":true,"href":"https:\/\/copesveikals.me\/index.php\/wp-json\/wp\/v2\/product_brand?post=13"},{"taxonomy":"product_cat","embeddable":true,"href":"https:\/\/copesveikals.me\/index.php\/wp-json\/wp\/v2\/product_cat?post=13"},{"taxonomy":"product_tag","embeddable":true,"href":"https:\/\/copesveikals.me\/index.php\/wp-json\/wp\/v2\/product_tag?post=13"}],"curies":[{"name":"wp","href":"https:\/\/api.w.org\/{rel}","templated":true}]}}