{"id":39,"date":"2026-04-15T13:53:52","date_gmt":"2026-04-15T13:53:52","guid":{"rendered":"https:\/\/copesveikals.me\/?page_id=39"},"modified":"2026-04-15T14:00:14","modified_gmt":"2026-04-15T14:00:14","slug":"39-2","status":"publish","type":"page","link":"https:\/\/copesveikals.me\/index.php\/39-2\/","title":{"rendered":"Par mums"},"content":{"rendered":"<div class=\"kb-row-layout-wrap kb-row-layout-id39_076cc1-84 alignfull has-theme-palette8-background-color kt-row-has-bg wp-block-kadence-rowlayout\"><div class=\"kt-row-column-wrap kt-has-3-columns kt-row-layout-row kt-tab-layout-inherit kt-mobile-layout-row kt-row-valign-top kb-theme-content-width\">\n\n<div class=\"wp-block-kadence-column kadence-column39_347c7a-3a\"><div class=\"kt-inside-inner-col\"><h2 class=\"kt-adv-heading39_a7e645-4e wp-block-kadence-advancedheading kt-adv-heading-has-icon has-base-color has-text-color\" data-kb-block=\"kb-adv-heading39_a7e645-4e\"><span class=\"kb-svg-icon-wrap kb-adv-heading-icon kb-svg-icon-fe_arrowDownCircle kb-adv-heading-icon-side-left\"><svg viewBox=\"0 0 24 24\"  fill=\"none\" stroke=\"currentColor\" stroke-width=\"2\" stroke-linecap=\"round\" stroke-linejoin=\"round\" xmlns=\"http:\/\/www.w3.org\/2000\/svg\"  aria-hidden=\"true\"><circle cx=\"12\" cy=\"12\" r=\"10\"\/><polyline points=\"8 12 12 16 16 12\"\/><line x1=\"12\" y1=\"8\" x2=\"12\" y2=\"16\"\/><\/svg><\/span><span class=\"kb-adv-text-inner\">Par mums<\/span><\/h2><\/div><\/div>\n\n\n\n<div class=\"wp-block-kadence-column kadence-column39_bd3f89-6f\"><div class=\"kt-inside-inner-col\">\n<figure class=\"wp-block-kadence-image kb-image39_9b1a4d-06 alignfull size-large kb-image-is-ratio-size\"><div class=\"kb-is-ratio-image kb-image-ratio-land31\"><img loading=\"lazy\" decoding=\"async\" width=\"1024\" height=\"683\" src=\"https:\/\/copesveikals.me\/wp-content\/uploads\/2026\/04\/carp-fishing-for-beginners-guide-optimized-1024x683.webp\" alt=\"\" class=\"kb-img wp-image-41\" srcset=\"https:\/\/copesveikals.me\/wp-content\/uploads\/2026\/04\/carp-fishing-for-beginners-guide-optimized-1024x683.webp 1024w, https:\/\/copesveikals.me\/wp-content\/uploads\/2026\/04\/carp-fishing-for-beginners-guide-optimized-300x200.webp 300w, https:\/\/copesveikals.me\/wp-content\/uploads\/2026\/04\/carp-fishing-for-beginners-guide-optimized-768x512.webp 768w, https:\/\/copesveikals.me\/wp-content\/uploads\/2026\/04\/carp-fishing-for-beginners-guide-optimized-600x400.webp 600w, https:\/\/copesveikals.me\/wp-content\/uploads\/2026\/04\/carp-fishing-for-beginners-guide-optimized.webp 1200w\" sizes=\"auto, (max-width: 1024px) 100vw, 1024px\" \/><\/div><\/figure>\n<\/div><\/div>\n\n\n\n<div class=\"wp-block-kadence-column kadence-column39_cfbc90-40\"><div class=\"kt-inside-inner-col\"><h2 class=\"kt-adv-heading39_6c4cb6-a3 wp-block-kadence-advancedheading kt-adv-heading-has-icon has-base-color has-text-color\" data-kb-block=\"kb-adv-heading39_6c4cb6-a3\"><span class=\"kb-adv-text-inner\">Mak\u0161\u0137er\u0113\u0161ana ir m\u016bsu aizraut\u012bba<\/span><span class=\"kb-svg-icon-wrap kb-adv-heading-icon kb-svg-icon-fe_arrowDownCircle kb-adv-heading-icon-side-right\"><svg viewBox=\"0 0 24 24\"  fill=\"none\" stroke=\"currentColor\" stroke-width=\"2\" stroke-linecap=\"round\" stroke-linejoin=\"round\" xmlns=\"http:\/\/www.w3.org\/2000\/svg\"  aria-hidden=\"true\"><circle cx=\"12\" cy=\"12\" r=\"10\"\/><polyline points=\"8 12 12 16 16 12\"\/><line x1=\"12\" y1=\"8\" x2=\"12\" y2=\"16\"\/><\/svg><\/span><\/h2><\/div><\/div>\n\n<\/div><\/div>\n\n<div class=\"kb-row-layout-wrap kb-row-layout-id39_4eb6d3-2a alignfull has-theme-palette8-background-color kt-row-has-bg wp-block-kadence-rowlayout\"><div class=\"kt-row-column-wrap kt-has-2-columns kt-row-layout-equal kt-tab-layout-inherit kt-mobile-layout-row kt-row-valign-top kb-theme-content-width\">\n\n<div class=\"wp-block-kadence-column kadence-column39_82ba90-88\"><div class=\"kt-inside-inner-col\">\n<h2 class=\"kt-adv-heading39_ad928a-17 wp-block-kadence-advancedheading has-base-color has-text-color\" data-kb-block=\"kb-adv-heading39_ad928a-17\">M\u016bsu st\u0101sts<\/h2>\n\n\n\n<div class=\"kt-adv-heading39_2e4a88-99 wp-block-kadence-advancedheading\" data-kb-block=\"kb-adv-heading39_2e4a88-99\">Par mums<\/div>\n<\/div><\/div>\n\n\n\n<div class=\"wp-block-kadence-column kadence-column39_f1eacb-90\"><div class=\"kt-inside-inner-col\">\n<p class=\"kt-adv-heading39_aa1476-c8 wp-block-kadence-advancedheading has-base-color has-text-color\" data-kb-block=\"kb-adv-heading39_aa1476-c8\">M\u016bsu m\u0113r\u0137is ir pied\u0101v\u0101t mak\u0161\u0137erniekiem kvalitat\u012bvas \u0113smas un invent\u0101ru, kas patie\u0161\u0101m str\u0101d\u0101. M\u0113s pa\u0161i esam mak\u0161\u0137er\u0113\u0161anas entuziasti, t\u0101p\u0113c zin\u0101m, cik svar\u012bgi ir izmantot uzticamus un efekt\u012bvus produktus.<br>M\u0113s r\u016bp\u012bgi atlas\u0101m katru produktu, lai nodro\u0161in\u0101tu lab\u0101kos rezult\u0101tus pie \u016bdens \u2013 gan ies\u0101c\u0113jiem, gan pieredz\u0113ju\u0161iem mak\u0161\u0137erniekiem. M\u016bsu pied\u0101v\u0101jum\u0101 \u012bpa\u0161u vietu ie\u0146em karpu mak\u0161\u0137er\u0113\u0161anas \u0113smas, tostarp glugged boilas ar sp\u0113c\u012bgu pievilktsp\u0113ju.<br>M\u0113s ticam, ka pareizais apr\u012bkojums var b\u016bt iz\u0161\u0137iro\u0161ais faktors veiksm\u012bgai copei.<\/p>\n<\/div><\/div>\n\n<\/div><\/div>\n\n<div class=\"kb-row-layout-wrap kb-row-layout-id39_df2ae3-97 alignfull has-theme-palette8-background-color kt-row-has-bg wp-block-kadence-rowlayout\"><div class=\"kt-row-column-wrap kt-has-1-columns kt-row-layout-equal kt-tab-layout-inherit kt-mobile-layout-row kt-row-valign-top kb-theme-content-width\">\n\n<div class=\"wp-block-kadence-column kadence-column39_4d30ba-a6\"><div class=\"kt-inside-inner-col\">\n<h2 class=\"kt-adv-heading39_dd3759-fd wp-block-kadence-advancedheading has-base-color has-text-color\" data-kb-block=\"kb-adv-heading39_dd3759-fd\">Tava izv\u0113le lab\u0101kai copei<\/h2>\n\n\n\n<div class=\"kt-adv-heading39_cd65bc-39 wp-block-kadence-advancedheading has-base-color has-text-color\" data-kb-block=\"kb-adv-heading39_cd65bc-39\">Ko m\u0113s pied\u0101v\u0101jam<\/div>\n<\/div><\/div>\n\n<\/div><\/div>\n\n<div class=\"kb-row-layout-wrap kb-row-layout-id39_175faa-1b alignfull has-theme-palette9-background-color kt-row-has-bg wp-block-kadence-rowlayout\"><div class=\"kt-row-column-wrap kt-has-3-columns kt-row-layout-equal kt-tab-layout-inherit kt-mobile-layout-row kt-row-valign-top kb-theme-content-width\">\n\n<div class=\"wp-block-kadence-column kadence-column39_926788-b0 inner-column-1\"><div class=\"kt-inside-inner-col\">\n<h2 class=\"kt-adv-heading39_20c895-43 wp-block-kadence-advancedheading has-base-color has-text-color\" data-kb-block=\"kb-adv-heading39_20c895-43\">\u201c\u013boti kvalitat\u012bvas \u0113smas! No\u0137\u0113ru vair\u0101kas karpas jau pirmaj\u0101 reiz\u0113. Noteikti iesaku!\u201d<\/h2>\n\n\n\n<div class=\"kt-adv-heading39_3a92f4-39 wp-block-kadence-advancedheading has-base-color has-text-color\" data-kb-block=\"kb-adv-heading39_3a92f4-39\">J\u0101nis B.<\/div>\n<\/div><\/div>\n\n\n\n<div class=\"wp-block-kadence-column kadence-column39_f4cea6-10 inner-column-2\"><div class=\"kt-inside-inner-col\">\n<h2 class=\"kt-adv-heading39_f26334-1c wp-block-kadence-advancedheading has-base-color has-text-color\" data-kb-block=\"kb-adv-heading39_f26334-1c\">\u201c\u0100tra pieg\u0101de un lieliska kvalit\u0101te. Produkti tie\u0161\u0101m str\u0101d\u0101!\u201d<\/h2>\n\n\n\n<div class=\"kt-adv-heading39_f6acee-4c wp-block-kadence-advancedheading has-base-color has-text-color\" data-kb-block=\"kb-adv-heading39_f6acee-4c\">M\u0101rti\u0146\u0161 K.<\/div>\n<\/div><\/div>\n\n\n\n<div class=\"wp-block-kadence-column kadence-column39_4d51cd-6f inner-column-2\"><div class=\"kt-inside-inner-col\">\n<h2 class=\"kt-adv-heading39_59eed2-18 wp-block-kadence-advancedheading has-base-color has-text-color\" data-kb-block=\"kb-adv-heading39_59eed2-18\">\u201cBeidzot atradu veikalu, kur var uztic\u0113ties kvalit\u0101tei. Super pieredze!\u201d<\/h2>\n\n\n\n<div class=\"kt-adv-heading39_86c776-9a wp-block-kadence-advancedheading has-base-color has-text-color\" data-kb-block=\"kb-adv-heading39_86c776-9a\">Andris L.<\/div>\n<\/div><\/div>\n\n<\/div><\/div>\n\n<div class=\"kb-row-layout-wrap kb-row-layout-id39_059b13-02 alignfull has-theme-palette9-background-color kt-row-has-bg wp-block-kadence-rowlayout\"><div class=\"kt-row-column-wrap kt-has-2-columns kt-row-layout-equal kt-tab-layout-row kt-mobile-layout-row kt-row-valign-middle kb-theme-content-width\">\n\n<div class=\"wp-block-kadence-column kadence-column39_9a8ef7-a4 kb-section-dir-vertical inner-column-2\"><div class=\"kt-inside-inner-col\">\n<figure class=\"wp-block-kadence-image kb-image39_fcd1db-d6 size-large kb-image-is-ratio-size\"><div class=\"kb-is-ratio-image kb-image-ratio-land43\"><img loading=\"lazy\" decoding=\"async\" width=\"1024\" height=\"683\" src=\"https:\/\/copesveikals.me\/wp-content\/uploads\/2026\/04\/ChatGPT-Image-Apr-15-2026-03_53_10-PM-1024x683.png\" alt=\"\" class=\"kb-img wp-image-23\" srcset=\"https:\/\/copesveikals.me\/wp-content\/uploads\/2026\/04\/ChatGPT-Image-Apr-15-2026-03_53_10-PM-1024x683.png 1024w, https:\/\/copesveikals.me\/wp-content\/uploads\/2026\/04\/ChatGPT-Image-Apr-15-2026-03_53_10-PM-300x200.png 300w, https:\/\/copesveikals.me\/wp-content\/uploads\/2026\/04\/ChatGPT-Image-Apr-15-2026-03_53_10-PM-768x512.png 768w, https:\/\/copesveikals.me\/wp-content\/uploads\/2026\/04\/ChatGPT-Image-Apr-15-2026-03_53_10-PM-600x400.png 600w, https:\/\/copesveikals.me\/wp-content\/uploads\/2026\/04\/ChatGPT-Image-Apr-15-2026-03_53_10-PM.png 1536w\" sizes=\"auto, (max-width: 1024px) 100vw, 1024px\" \/><\/div><\/figure>\n<\/div><\/div>\n\n\n\n<div class=\"wp-block-kadence-column kadence-column39_59f2e1-dc kb-section-dir-vertical inner-column-1\"><div class=\"kt-inside-inner-col\">\n<h2 class=\"kt-adv-heading39_be8a3d-e8 wp-block-kadence-advancedheading has-base-color has-text-color\" data-kb-block=\"kb-adv-heading39_be8a3d-e8\">K\u0101p\u0113c izv\u0113l\u0113ties m\u016bs?<\/h2>\n\n\n\n<p class=\"kt-adv-heading39_7eabaf-22 wp-block-kadence-advancedheading has-base-color has-text-color\" data-kb-block=\"kb-adv-heading39_7eabaf-22\">M\u0113s esam karpu mak\u0161\u0137ernieki ar pieredzi, nevis tikai p\u0101rdev\u0113ji. Pied\u0101v\u0101jam tikai to, kas ir pa\u0161u p\u0101rbaud\u012bts un str\u0101d\u0101 re\u0101los copes apst\u0101k\u013cos. Ja gribi rezult\u0101tu \u2013 esi pareizaj\u0101 viet\u0101.<\/p>\n\n\n\n<div class=\"wp-block-kadence-advancedbtn kb-buttons-wrap kb-btns39_851da9-88\"><span class=\"kb-button kt-button button kb-btn39_0d8f5f-3d kt-btn-size-standard kt-btn-width-type-auto kb-btn-global-inherit  kt-btn-has-text-true kt-btn-has-svg-false  wp-block-button__link wp-block-kadence-singlebtn\"><span class=\"kt-btn-inner-text\">Uz veikalu<\/span><\/span><\/div>\n<\/div><\/div>\n\n<\/div><\/div>","protected":false},"excerpt":{"rendered":"<p>Par mums Mak\u0161\u0137er\u0113\u0161ana ir m\u016bsu aizraut\u012bba M\u016bsu st\u0101sts Par mums M\u016bsu m\u0113r\u0137is ir pied\u0101v\u0101t mak\u0161\u0137erniekiem kvalitat\u012bvas \u0113smas un invent\u0101ru, kas patie\u0161\u0101m str\u0101d\u0101. M\u0113s pa\u0161i esam mak\u0161\u0137er\u0113\u0161anas entuziasti, t\u0101p\u0113c zin\u0101m, cik svar\u012bgi ir izmantot uzticamus un efekt\u012bvus produktus.M\u0113s r\u016bp\u012bgi atlas\u0101m katru produktu, lai nodro\u0161in\u0101tu lab\u0101kos rezult\u0101tus pie \u016bdens \u2013 gan ies\u0101c\u0113jiem, gan pieredz\u0113ju\u0161iem mak\u0161\u0137erniekiem. M\u016bsu pied\u0101v\u0101jum\u0101 [&hellip;]<\/p>\n","protected":false},"author":1,"featured_media":0,"parent":0,"menu_order":2,"comment_status":"closed","ping_status":"closed","template":"","meta":{"footnotes":""},"class_list":["post-39","page","type-page","status-publish","hentry"],"_links":{"self":[{"href":"https:\/\/copesveikals.me\/index.php\/wp-json\/wp\/v2\/pages\/39","targetHints":{"allow":["GET"]}}],"collection":[{"href":"https:\/\/copesveikals.me\/index.php\/wp-json\/wp\/v2\/pages"}],"about":[{"href":"https:\/\/copesveikals.me\/index.php\/wp-json\/wp\/v2\/types\/page"}],"author":[{"embeddable":true,"href":"https:\/\/copesveikals.me\/index.php\/wp-json\/wp\/v2\/users\/1"}],"replies":[{"embeddable":true,"href":"https:\/\/copesveikals.me\/index.php\/wp-json\/wp\/v2\/comments?post=39"}],"version-history":[{"count":2,"href":"https:\/\/copesveikals.me\/index.php\/wp-json\/wp\/v2\/pages\/39\/revisions"}],"predecessor-version":[{"id":44,"href":"https:\/\/copesveikals.me\/index.php\/wp-json\/wp\/v2\/pages\/39\/revisions\/44"}],"wp:attachment":[{"href":"https:\/\/copesveikals.me\/index.php\/wp-json\/wp\/v2\/media?parent=39"}],"curies":[{"name":"wp","href":"https:\/\/api.w.org\/{rel}","templated":true}]}}