{"id":25,"date":"2026-04-15T13:24:56","date_gmt":"2026-04-15T13:24:56","guid":{"rendered":"https:\/\/copesveikals.me\/?page_id=25"},"modified":"2026-04-15T13:29:52","modified_gmt":"2026-04-15T13:29:52","slug":"25-2","status":"publish","type":"page","link":"https:\/\/copesveikals.me\/index.php\/25-2\/","title":{"rendered":"Kontakti"},"content":{"rendered":"<div class=\"kb-row-layout-wrap kb-row-layout-id25_5d6bb1-20 alignfull has-theme-palette9-background-color kt-row-has-bg wp-block-kadence-rowlayout\"><div class=\"kt-row-layout-overlay kt-row-overlay-normal\"><\/div><div class=\"kt-row-column-wrap kt-has-1-columns kt-row-layout-equal kt-tab-layout-inherit kt-mobile-layout-row kt-row-valign-top kb-theme-content-width\">\n\n<div class=\"wp-block-kadence-column kadence-column25_d4c316-6f kb-section-dir-vertical inner-column-1\"><div class=\"kt-inside-inner-col\"><div class=\"kb-row-layout-wrap kb-row-layout-id25_7cd465-45 alignnone wp-block-kadence-rowlayout\"><div class=\"kt-row-column-wrap kt-has-1-columns kt-row-layout-equal kt-tab-layout-inherit kt-mobile-layout-row kt-row-valign-top\">\n\n<div class=\"wp-block-kadence-column kadence-column25_c8c210-f3\"><div class=\"kt-inside-inner-col\">\n<h2 class=\"kt-adv-heading25_ce6f69-65 wp-block-kadence-advancedheading has-theme-palette-3-color has-text-color\" data-kb-block=\"kb-adv-heading25_ce6f69-65\">Ja Tev ir jaut\u0101jumi par produktiem, pas\u016bt\u012bjumiem vai pieg\u0101di \u2014 dro\u0161i sazinies ar mums! Atbild\u0113sim p\u0113c iesp\u0113jas \u0101tr\u0101k.<\/h2>\n<\/div><\/div>\n\n<\/div><\/div><\/div><\/div>\n\n<\/div><\/div>\n\n<div class=\"kb-row-layout-wrap kb-row-layout-id25_c94195-62 alignfull has-theme-palette9-background-color kt-row-has-bg wp-block-kadence-rowlayout\"><div class=\"kt-row-column-wrap kt-has-2-columns kt-row-layout-row kt-tab-layout-row kt-mobile-layout-row kt-row-valign-top\">\n\n<div class=\"wp-block-kadence-column kadence-column25_c08ab4-89 inner-column-1\"><div class=\"kt-inside-inner-col\">\n<h2 class=\"kt-adv-heading25_101fcf-a0 wp-block-kadence-advancedheading has-theme-palette-3-color has-text-color\" data-kb-block=\"kb-adv-heading25_101fcf-a0\">Sazinies ar mums<\/h2>\n\n\n\n<p class=\"kt-adv-heading25_db3c45-6f wp-block-kadence-advancedheading has-theme-palette-3-color has-text-color\" data-kb-block=\"kb-adv-heading25_db3c45-6f\">Ja Tev ir jaut\u0101jumi par m\u016bsu produktiem, pas\u016bt\u012bjumiem vai pieg\u0101di \u2014 dro\u0161i raksti mums! Atbild\u0113sim p\u0113c iesp\u0113jas \u0101tr\u0101k un pal\u012bdz\u0113sim izv\u0113l\u0113ties lab\u0101ko risin\u0101jumu Tavai mak\u0161\u0137er\u0113\u0161anai.<\/p>\n<\/div><\/div>\n\n\n\n<div class=\"wp-block-kadence-column kadence-column25_a2ee35-7e inner-column-2\"><div class=\"kt-inside-inner-col\">\n<div class=\"wp-block-kadence-form kadence-form-25_cff553-f1 kb-form-wrap\"><form class=\"kb-form\" action=\"\" method=\"post\"><div class=\"kadence-blocks-form-field kb-field-desk-width-100 kb-input-size-standard\"><label for=\"kb_field_25_cff553-f1_0\">V\u0101rds<span class=\"required\">*<\/span><\/label><input name=\"kb_field_0\" id=\"kb_field_25_cff553-f1_0\" data-label=\"V\u0101rds\" type=\"text\" placeholder=\"\" value=\"\" data-type=\"text\" class=\"kb-field kb-text-style-field kb-text-field kb-field-0\" data-required=\"yes\"\/><\/div><div class=\"kadence-blocks-form-field kb-form-field-1 kb-field-desk-width-100 kb-input-size-standard\"><label for=\"kb_field_25_cff553-f1_1\">E-pasts<span class=\"required\">*<\/span><\/label><input name=\"kb_field_1\" id=\"kb_field_25_cff553-f1_1\" data-label=\"E-pasts\" type=\"email\" placeholder=\"\" value=\"\" data-type=\"email\" class=\"kb-field kb-text-style-field kb-email-field kb-field-1\" data-required=\"yes\"\/><\/div><div class=\"kadence-blocks-form-field kb-form-field-2 kb-field-desk-width-100 kb-input-size-standard\"><label for=\"kb_field_25_cff553-f1_2\">Tavs zi\u0146ojums<span class=\"required\">*<\/span><\/label><textarea name=\"kb_field_2\" id=\"kb_field_25_cff553-f1_2\" data-label=\"Tavs zi\u0146ojums\" type=\"textarea\" placeholder=\"\" data-type=\"textarea\" class=\"kb-field kb-text-style-field kb-textarea-field kb-field-2\" rows=\"4\" data-required=\"yes\"><\/textarea><\/div><input type=\"hidden\" name=\"_kb_form_id\" value=\"25_cff553-f1\"\/><input type=\"hidden\" name=\"_kb_form_post_id\" value=\"25\"\/><input type=\"hidden\" name=\"action\" value=\"kb_process_ajax_submit\"\/><label class=\"kadence-verify-label\">Email<input class=\"kadence-blocks-field verify\" type=\"text\" name=\"_kb_verify_email\" autocomplete=\"new-password\" aria-hidden=\"true\" placeholder=\"Email\" tabindex=\"-1\" data-1p-ignore=\"true\" data-lpignore=\"true\" \/><\/label><div class=\"kadence-blocks-form-field kb-submit-field kb-field-desk-width-100\"><button class=\"kb-forms-submit button kb-button-size-standard kb-button-width-auto\">S\u016bt\u012bt<\/button><\/div><\/form><\/div>\n<noscript><div class=\"kadence-blocks-form-message kadence-blocks-form-warning\">Please enable JavaScript in your browser to submit the form<\/div><style>.kadence-form-25_cff553-f1 .kadence-blocks-form-field.kb-submit-field { display: none; }<\/style><\/noscript><\/div><\/div>\n\n<\/div><\/div>\n\n<div class=\"kb-row-layout-wrap kb-row-layout-id25_d546fd-9f alignfull has-theme-palette9-background-color kt-row-has-bg wp-block-kadence-rowlayout\"><div class=\"kt-row-layout-overlay kt-row-overlay-normal\"><\/div><div class=\"kt-row-column-wrap kt-has-3-columns kt-row-layout-row kt-tab-layout-inherit kt-mobile-layout-row kt-row-valign-top kb-theme-content-width\">\n\n<div class=\"wp-block-kadence-column kadence-column25_e4653b-63 inner-column-1\"><div class=\"kt-inside-inner-col\">\n<h2 class=\"kt-adv-heading25_a0c99a-40 wp-block-kadence-advancedheading has-theme-palette-3-color has-text-color\" data-kb-block=\"kb-adv-heading25_a0c99a-40\">K\u0101p\u0113c izv\u0113l\u0113ties m\u016bs?<\/h2>\n<\/div><\/div>\n\n\n\n<div class=\"wp-block-kadence-column kadence-column25_35b1f5-01 inner-column-2\"><div class=\"kt-inside-inner-col\">\n<div class=\"wp-block-kadence-iconlist kt-svg-icon-list-items kt-svg-icon-list-items25_a0b93e-4d kt-svg-icon-list-columns-1 alignnone\"><ul class=\"kt-svg-icon-list\">\n<li class=\"wp-block-kadence-listitem kt-svg-icon-list-item-wrap kt-svg-icon-list-item-25_b0faaf-f4\"><span class=\"kb-svg-icon-wrap kb-svg-icon-fe_check kt-svg-icon-list-single\"><svg viewBox=\"0 0 24 24\"  fill=\"none\" stroke=\"currentColor\" stroke-width=\"2\" stroke-linecap=\"round\" stroke-linejoin=\"round\" xmlns=\"http:\/\/www.w3.org\/2000\/svg\"  aria-hidden=\"true\"><polyline points=\"20 6 9 17 4 12\"\/><\/svg><\/span><span class=\"kt-svg-icon-list-text\">Augstas kvalit\u0101tes produkti<\/span><\/li>\n\n\n\n<li class=\"wp-block-kadence-listitem kt-svg-icon-list-item-wrap kt-svg-icon-list-item-25_b67c63-0f\"><span class=\"kb-svg-icon-wrap kb-svg-icon-fe_check kt-svg-icon-list-single\"><svg viewBox=\"0 0 24 24\"  fill=\"none\" stroke=\"currentColor\" stroke-width=\"2\" stroke-linecap=\"round\" stroke-linejoin=\"round\" xmlns=\"http:\/\/www.w3.org\/2000\/svg\"  aria-hidden=\"true\"><polyline points=\"20 6 9 17 4 12\"\/><\/svg><\/span><span class=\"kt-svg-icon-list-text\">P\u0101rbaud\u012btas un efekt\u012bvas \u0113smas<\/span><\/li>\n\n\n\n<li class=\"wp-block-kadence-listitem kt-svg-icon-list-item-wrap kt-svg-icon-list-item-25_ede8ee-b7\"><span class=\"kb-svg-icon-wrap kb-svg-icon-fe_check kt-svg-icon-list-single\"><svg viewBox=\"0 0 24 24\"  fill=\"none\" stroke=\"currentColor\" stroke-width=\"2\" stroke-linecap=\"round\" stroke-linejoin=\"round\" xmlns=\"http:\/\/www.w3.org\/2000\/svg\"  aria-hidden=\"true\"><polyline points=\"20 6 9 17 4 12\"\/><\/svg><\/span><span class=\"kt-svg-icon-list-text\">\u0100tra pieg\u0101de vis\u0101 Latvij\u0101<\/span><\/li>\n<\/ul><\/div>\n<\/div><\/div>\n\n\n\n<div class=\"wp-block-kadence-column kadence-column25_a6157f-f0\"><div class=\"kt-inside-inner-col\">\n<div class=\"wp-block-kadence-iconlist kt-svg-icon-list-items kt-svg-icon-list-items25_536b98-e9 kt-svg-icon-list-columns-1 alignnone\"><ul class=\"kt-svg-icon-list\">\n<li class=\"wp-block-kadence-listitem kt-svg-icon-list-item-wrap kt-svg-icon-list-item-25_360294-18\"><span class=\"kb-svg-icon-wrap kb-svg-icon-fe_check kt-svg-icon-list-single\"><svg viewBox=\"0 0 24 24\"  fill=\"none\" stroke=\"currentColor\" stroke-width=\"2\" stroke-linecap=\"round\" stroke-linejoin=\"round\" xmlns=\"http:\/\/www.w3.org\/2000\/svg\"  aria-hidden=\"true\"><polyline points=\"20 6 9 17 4 12\"\/><\/svg><\/span><span class=\"kt-svg-icon-list-text\">Konkur\u0113tsp\u0113j\u012bgas cenas<\/span><\/li>\n\n\n\n<li class=\"wp-block-kadence-listitem kt-svg-icon-list-item-wrap kt-svg-icon-list-item-25_b6e6b1-8c\"><span class=\"kb-svg-icon-wrap kb-svg-icon-fe_check kt-svg-icon-list-single\"><svg viewBox=\"0 0 24 24\"  fill=\"none\" stroke=\"currentColor\" stroke-width=\"2\" stroke-linecap=\"round\" stroke-linejoin=\"round\" xmlns=\"http:\/\/www.w3.org\/2000\/svg\"  aria-hidden=\"true\"><polyline points=\"20 6 9 17 4 12\"\/><\/svg><\/span><span class=\"kt-svg-icon-list-text\">Konsult\u0101cijas un atbalsts<\/span><\/li>\n\n\n\n<li class=\"wp-block-kadence-listitem kt-svg-icon-list-item-wrap kt-svg-icon-list-item-25_2b8520-92\"><span class=\"kb-svg-icon-wrap kb-svg-icon-fe_check kt-svg-icon-list-single\"><svg viewBox=\"0 0 24 24\"  fill=\"none\" stroke=\"currentColor\" stroke-width=\"2\" stroke-linecap=\"round\" stroke-linejoin=\"round\" xmlns=\"http:\/\/www.w3.org\/2000\/svg\"  aria-hidden=\"true\"><polyline points=\"20 6 9 17 4 12\"\/><\/svg><\/span><span class=\"kt-svg-icon-list-text\">Ide\u0101li gan ies\u0101c\u0113jiem, gan profesion\u0101\u013ciem<\/span><\/li>\n<\/ul><\/div>\n<\/div><\/div>\n\n<\/div><\/div>\n\n<div class=\"kb-row-layout-wrap kb-row-layout-id25_2f37d9-f9 alignfull has-theme-palette8-background-color kt-row-has-bg wp-block-kadence-rowlayout\"><div class=\"kt-row-column-wrap kt-has-1-columns kt-row-layout-equal kt-tab-layout-inherit kt-mobile-layout-row kt-row-valign-top kb-theme-content-width\">\n\n<div class=\"wp-block-kadence-column kadence-column25_bcfdcf-d6\"><div class=\"kt-inside-inner-col\">\n<h2 class=\"wp-block-heading has-text-align-left has-xl-font-size has-base-color has-text-color has-link-color wp-elements-1b24b6ad67f335f5c98fc802d57fec1d\">M\u016bsu mak\u0161\u0137er\u0113\u0161anas veikals pied\u0101v\u0101 r\u016bp\u012bgi atlas\u012btas \u0113smas un invent\u0101ru, kas pal\u012bdz sasniegt lab\u0101kos rezult\u0101tus pie \u016bdens. M\u0113s koncentr\u0113jamies uz kvalit\u0101ti, efektivit\u0101ti un praktiskiem risin\u0101jumiem, kas der gan ies\u0101c\u0113jiem, gan pieredz\u0113ju\u0161iem mak\u0161\u0137erniekiem.<\/h2>\n<\/div><\/div>\n\n<\/div><\/div>","protected":false},"excerpt":{"rendered":"<p>Ja Tev ir jaut\u0101jumi par produktiem, pas\u016bt\u012bjumiem vai pieg\u0101di \u2014 dro\u0161i sazinies ar mums! Atbild\u0113sim p\u0113c iesp\u0113jas \u0101tr\u0101k. Sazinies ar mums Ja Tev ir jaut\u0101jumi par m\u016bsu produktiem, pas\u016bt\u012bjumiem vai pieg\u0101di \u2014 dro\u0161i raksti mums! Atbild\u0113sim p\u0113c iesp\u0113jas \u0101tr\u0101k un pal\u012bdz\u0113sim izv\u0113l\u0113ties lab\u0101ko risin\u0101jumu Tavai mak\u0161\u0137er\u0113\u0161anai. K\u0101p\u0113c izv\u0113l\u0113ties m\u016bs? M\u016bsu mak\u0161\u0137er\u0113\u0161anas veikals pied\u0101v\u0101 r\u016bp\u012bgi atlas\u012btas [&hellip;]<\/p>\n","protected":false},"author":1,"featured_media":0,"parent":0,"menu_order":0,"comment_status":"closed","ping_status":"closed","template":"","meta":{"footnotes":""},"class_list":["post-25","page","type-page","status-publish","hentry"],"_links":{"self":[{"href":"https:\/\/copesveikals.me\/index.php\/wp-json\/wp\/v2\/pages\/25","targetHints":{"allow":["GET"]}}],"collection":[{"href":"https:\/\/copesveikals.me\/index.php\/wp-json\/wp\/v2\/pages"}],"about":[{"href":"https:\/\/copesveikals.me\/index.php\/wp-json\/wp\/v2\/types\/page"}],"author":[{"embeddable":true,"href":"https:\/\/copesveikals.me\/index.php\/wp-json\/wp\/v2\/users\/1"}],"replies":[{"embeddable":true,"href":"https:\/\/copesveikals.me\/index.php\/wp-json\/wp\/v2\/comments?post=25"}],"version-history":[{"count":4,"href":"https:\/\/copesveikals.me\/index.php\/wp-json\/wp\/v2\/pages\/25\/revisions"}],"predecessor-version":[{"id":34,"href":"https:\/\/copesveikals.me\/index.php\/wp-json\/wp\/v2\/pages\/25\/revisions\/34"}],"wp:attachment":[{"href":"https:\/\/copesveikals.me\/index.php\/wp-json\/wp\/v2\/media?parent=25"}],"curies":[{"name":"wp","href":"https:\/\/api.w.org\/{rel}","templated":true}]}}