{"id":15,"date":"2026-04-15T12:41:42","date_gmt":"2026-04-15T12:41:42","guid":{"rendered":"https:\/\/copesveikals.me\/?page_id=15"},"modified":"2026-04-15T14:01:38","modified_gmt":"2026-04-15T14:01:38","slug":"laipni-lugti-copes-veikala","status":"publish","type":"page","link":"https:\/\/copesveikals.me\/","title":{"rendered":"S\u0101kumlapa"},"content":{"rendered":"<div class=\"kb-row-layout-wrap kb-row-layout-id15_ee4bd9-c6 alignfull kt-row-has-bg wp-block-kadence-rowlayout\"><div class=\"kt-row-column-wrap kt-has-2-columns kt-row-layout-left-golden kt-tab-layout-inherit kt-mobile-layout-row kt-row-valign-top\">\n\n<div class=\"wp-block-kadence-column kadence-column15_018666-a3\"><div class=\"kt-inside-inner-col\">\n<h1 class=\"wp-block-heading has-base-color has-text-color has-link-color has-40-font-size wp-elements-a618f1953baac92a4429c58bc2b6f927\">Specializ\u0113ts mak\u0161\u0137er\u0113\u0161anas veikals.<\/h1>\n\n\n\n<h4 class=\"kt-adv-heading15_36c76a-00 wp-block-kadence-advancedheading has-base-color has-text-color\" data-kb-block=\"kb-adv-heading15_36c76a-00\">Augstas kvalit\u0101tes \u0113smas un invent\u0101rs veiksm\u012bgai mak\u0161\u0137er\u0113\u0161anai. Izv\u0113lies p\u0101rbaud\u012btus produktus, kas pal\u012bdz sasniegt lab\u0101kus rezult\u0101tus pie \u016bdens.<\/h4>\n\n\n\n<div class=\"wp-block-kadence-advancedbtn kb-buttons-wrap kb-btns15_243cc7-54\"><span class=\"kb-button kt-button button kb-btn15_5443a5-d1 kt-btn-size-standard kt-btn-width-type-full kb-btn-global-outline  kt-btn-has-text-true kt-btn-has-svg-false  wp-block-kadence-singlebtn\"><span class=\"kt-btn-inner-text\">Uzzin\u0101t vair\u0101k<\/span><\/span>\n\n<span class=\"kb-button kt-button button kb-btn15_4529e8-f4 kt-btn-size-standard kt-btn-width-type-full kb-btn-global-outline  kt-btn-has-text-true kt-btn-has-svg-false  wp-block-kadence-singlebtn\"><span class=\"kt-btn-inner-text\">Visi produkti<\/span><\/span><\/div>\n<\/div><\/div>\n\n\n\n<div class=\"wp-block-kadence-column kadence-column15_9110df-81\"><div class=\"kt-inside-inner-col\">\n<figure class=\"wp-block-kadence-image kb-image15_0d6bf7-4f size-full kb-filter-vintage kb-image-is-ratio-size\"><div class=\"kb-is-ratio-image kb-image-ratio-land32\"><img loading=\"lazy\" decoding=\"async\" width=\"1536\" height=\"1024\" src=\"https:\/\/copesveikals.me\/wp-content\/uploads\/2026\/04\/ChatGPT-Image-Apr-15-2026-03_53_10-PM.png\" alt=\"\" class=\"kb-img wp-image-23\" srcset=\"https:\/\/copesveikals.me\/wp-content\/uploads\/2026\/04\/ChatGPT-Image-Apr-15-2026-03_53_10-PM.png 1536w, https:\/\/copesveikals.me\/wp-content\/uploads\/2026\/04\/ChatGPT-Image-Apr-15-2026-03_53_10-PM-300x200.png 300w, https:\/\/copesveikals.me\/wp-content\/uploads\/2026\/04\/ChatGPT-Image-Apr-15-2026-03_53_10-PM-1024x683.png 1024w, https:\/\/copesveikals.me\/wp-content\/uploads\/2026\/04\/ChatGPT-Image-Apr-15-2026-03_53_10-PM-768x512.png 768w, https:\/\/copesveikals.me\/wp-content\/uploads\/2026\/04\/ChatGPT-Image-Apr-15-2026-03_53_10-PM-600x400.png 600w\" sizes=\"auto, (max-width: 1536px) 100vw, 1536px\" \/><\/div><\/figure>\n<\/div><\/div>\n\n<\/div><\/div>\n\n\n<p><\/p>\n","protected":false},"excerpt":{"rendered":"<p>Specializ\u0113ts mak\u0161\u0137er\u0113\u0161anas veikals. Augstas kvalit\u0101tes \u0113smas un invent\u0101rs veiksm\u012bgai mak\u0161\u0137er\u0113\u0161anai. Izv\u0113lies p\u0101rbaud\u012btus produktus, kas pal\u012bdz sasniegt lab\u0101kus rezult\u0101tus pie \u016bdens.<\/p>\n","protected":false},"author":1,"featured_media":0,"parent":0,"menu_order":0,"comment_status":"closed","ping_status":"closed","template":"","meta":{"footnotes":""},"class_list":["post-15","page","type-page","status-publish","hentry"],"_links":{"self":[{"href":"https:\/\/copesveikals.me\/index.php\/wp-json\/wp\/v2\/pages\/15","targetHints":{"allow":["GET"]}}],"collection":[{"href":"https:\/\/copesveikals.me\/index.php\/wp-json\/wp\/v2\/pages"}],"about":[{"href":"https:\/\/copesveikals.me\/index.php\/wp-json\/wp\/v2\/types\/page"}],"author":[{"embeddable":true,"href":"https:\/\/copesveikals.me\/index.php\/wp-json\/wp\/v2\/users\/1"}],"replies":[{"embeddable":true,"href":"https:\/\/copesveikals.me\/index.php\/wp-json\/wp\/v2\/comments?post=15"}],"version-history":[{"count":3,"href":"https:\/\/copesveikals.me\/index.php\/wp-json\/wp\/v2\/pages\/15\/revisions"}],"predecessor-version":[{"id":45,"href":"https:\/\/copesveikals.me\/index.php\/wp-json\/wp\/v2\/pages\/15\/revisions\/45"}],"wp:attachment":[{"href":"https:\/\/copesveikals.me\/index.php\/wp-json\/wp\/v2\/media?parent=15"}],"curies":[{"name":"wp","href":"https:\/\/api.w.org\/{rel}","templated":true}]}}